{"id":13,"date":"2023-01-10T08:49:43","date_gmt":"2023-01-10T07:49:43","guid":{"rendered":"https:\/\/kuligwp.ageno.work\/?page_id=13"},"modified":"2026-04-01T10:13:01","modified_gmt":"2026-04-01T08:13:01","slug":"o-firmie","status":"publish","type":"page","link":"https:\/\/kulig.com.pl\/en\/o-firmie\/","title":{"rendered":"About the company"},"content":{"rendered":"<div data-elementor-type=\"wp-page\" data-elementor-id=\"13\" class=\"elementor elementor-13\" data-elementor-settings=\"{&quot;ha_cmc_init_switcher&quot;:&quot;no&quot;}\">\n\t\t\t\t\t\t<section class=\"elementor-section elementor-top-section elementor-element elementor-element-e507293 elementor-section-stretched elementor-section-boxed elementor-section-height-default elementor-section-height-default\" data-id=\"e507293\" data-element_type=\"section\" data-settings=\"{&quot;stretch_section&quot;:&quot;section-stretched&quot;,&quot;_ha_eqh_enable&quot;:false}\">\n\t\t\t\t\t\t<div class=\"elementor-container elementor-column-gap-default\">\n\t\t\t\t\t<div class=\"elementor-column elementor-col-50 elementor-top-column elementor-element elementor-element-3f9617e\" data-id=\"3f9617e\" data-element_type=\"column\">\n\t\t\t<div class=\"elementor-widget-wrap elementor-element-populated\">\n\t\t\t\t\t\t<div class=\"elementor-element elementor-element-9d36428 elementor-widget elementor-widget-heading\" data-id=\"9d36428\" data-element_type=\"widget\" data-widget_type=\"heading.default\">\n\t\t\t\t<div class=\"elementor-widget-container\">\n\t\t\t<style>\/*! elementor - v3.23.0 - 05-08-2024 *\/\n.elementor-heading-title{padding:0;margin:0;line-height:1}.elementor-widget-heading .elementor-heading-title[class*=elementor-size-]>a{color:inherit;font-size:inherit;line-height:inherit}.elementor-widget-heading .elementor-heading-title.elementor-size-small{font-size:15px}.elementor-widget-heading .elementor-heading-title.elementor-size-medium{font-size:19px}.elementor-widget-heading .elementor-heading-title.elementor-size-large{font-size:29px}.elementor-widget-heading .elementor-heading-title.elementor-size-xl{font-size:39px}.elementor-widget-heading .elementor-heading-title.elementor-size-xxl{font-size:59px}<\/style><h2 class=\"elementor-heading-title elementor-size-default\">Ponad 30 lat rodzinnego biznesu<\/h2>\t\t<\/div>\n\t\t\t\t<\/div>\n\t\t\t\t<div class=\"elementor-element elementor-element-b5a78c2 elementor-widget elementor-widget-text-editor\" data-id=\"b5a78c2\" data-element_type=\"widget\" data-widget_type=\"text-editor.default\">\n\t\t\t\t<div class=\"elementor-widget-container\">\n\t\t\t<style>\/*! elementor - v3.23.0 - 05-08-2024 *\/\n.elementor-widget-text-editor.elementor-drop-cap-view-stacked .elementor-drop-cap{background-color:#69727d;color:#fff}.elementor-widget-text-editor.elementor-drop-cap-view-framed .elementor-drop-cap{color:#69727d;border:3px solid;background-color:transparent}.elementor-widget-text-editor:not(.elementor-drop-cap-view-default) .elementor-drop-cap{margin-top:8px}.elementor-widget-text-editor:not(.elementor-drop-cap-view-default) .elementor-drop-cap-letter{width:1em;height:1em}.elementor-widget-text-editor .elementor-drop-cap{float:left;text-align:center;line-height:1;font-size:50px}.elementor-widget-text-editor .elementor-drop-cap-letter{display:inline-block}<\/style>\t\t\t\t<p><strong>Kulig \u2013 Tw\u00f3j \u0142\u0105cznik ze \u015bwiatowym designem<\/strong><br \/>Dobry design i funkcjonalno\u015b\u0107 nie znaj\u0105 granic. Od blisko trzech dekad dbamy o to, by to, co najlepsze we wsp\u00f3\u0142czesnym wzornictwie, trafia\u0142o prosto na polskie sto\u0142y, do kuchni, \u0142azienek i przestrzeni publicznych. Z pasji do pi\u0119knych, u\u017cytkowych przedmiot\u00f3w zbudowali\u015bmy nowoczesn\u0105 organizacj\u0119, kt\u00f3ra wyznacza standardy w bran\u017cy e-commerce i dystrybucji B2B.<\/p><p>Nasza historia, zapocz\u0105tkowana w Czechowicach-Dziedzicach, to ju\u017c blisko 30 lat nieustannego rozwoju. Zaczynali\u015bmy jako ambitny lokalny projekt, by dzi\u015b z dum\u0105 nosi\u0107 miano lidera i wielokrotnego laureata presti\u017cowych nagr\u00f3d, takich jak Diamenty Forbesa, Gazele Biznesu czy Laury Konsumenta.<\/p><p><strong>Nie tylko dystrybucja \u2013 kreatorzy w\u0142asnych rozwi\u0105za\u0144<\/strong><br \/>Nasze biznesowe DNA to co\u015b wi\u0119cej ni\u017c przekazywanie produkt\u00f3w dalej. Z dum\u0105 projektujemy i rozwijamy marki w\u0142asne. Pod szyldem Kulig od lat dostarczamy wysokiej klasy sztu\u0107ce i akcesoria kuchenne, a nasza per\u0142a w koronie \u2013 Vialli Design \u2013 to doceniana w Polsce i na \u015bwiecie marka, uwielbiana m.in. za innowacyjne szk\u0142o termiczne i stylowe wyposa\u017cenie wn\u0119trz.<\/p>\t\t\t\t\t\t<\/div>\n\t\t\t\t<\/div>\n\t\t\t\t\t<\/div>\n\t\t<\/div>\n\t\t\t\t<div class=\"elementor-column elementor-col-50 elementor-top-column elementor-element elementor-element-66e802a\" data-id=\"66e802a\" data-element_type=\"column\">\n\t\t\t<div class=\"elementor-widget-wrap elementor-element-populated\">\n\t\t\t\t\t\t<div class=\"elementor-element elementor-element-5d80377 elementor-widget elementor-widget-image\" data-id=\"5d80377\" data-element_type=\"widget\" data-widget_type=\"image.default\">\n\t\t\t\t<div class=\"elementor-widget-container\">\n\t\t\t<style>\/*! elementor - v3.23.0 - 05-08-2024 *\/\n.elementor-widget-image{text-align:center}.elementor-widget-image a{display:inline-block}.elementor-widget-image a img[src$=\".svg\"]{width:48px}.elementor-widget-image img{vertical-align:middle;display:inline-block}<\/style>\t\t\t\t\t\t\t\t\t\t<img fetchpriority=\"high\" decoding=\"async\" width=\"1200\" height=\"1200\" src=\"https:\/\/kulig.com.pl\/wp-content\/uploads\/2023\/02\/firmakulig.jpg\" class=\"attachment-full size-full wp-image-1083\" alt=\"Kulig - dystrybutor \u015bwiatowych marek\" srcset=\"https:\/\/kulig.com.pl\/wp-content\/uploads\/2023\/02\/firmakulig.jpg 1200w, https:\/\/kulig.com.pl\/wp-content\/uploads\/2023\/02\/firmakulig-300x300.jpg 300w, https:\/\/kulig.com.pl\/wp-content\/uploads\/2023\/02\/firmakulig-1024x1024.jpg 1024w, https:\/\/kulig.com.pl\/wp-content\/uploads\/2023\/02\/firmakulig-150x150.jpg 150w, https:\/\/kulig.com.pl\/wp-content\/uploads\/2023\/02\/firmakulig-768x768.jpg 768w\" sizes=\"(max-width: 1200px) 100vw, 1200px\" title=\"\">\t\t\t\t\t\t\t\t\t\t\t\t\t<\/div>\n\t\t\t\t<\/div>\n\t\t\t\t\t<\/div>\n\t\t<\/div>\n\t\t\t\t\t<\/div>\n\t\t<\/section>\n\t\t\t\t<section class=\"elementor-section elementor-top-section elementor-element elementor-element-a3b4fa4 elementor-section-stretched elementor-section-boxed elementor-section-height-default elementor-section-height-default\" data-id=\"a3b4fa4\" data-element_type=\"section\" data-settings=\"{&quot;stretch_section&quot;:&quot;section-stretched&quot;,&quot;background_background&quot;:&quot;classic&quot;,&quot;_ha_eqh_enable&quot;:false}\">\n\t\t\t\t\t\t<div class=\"elementor-container elementor-column-gap-default\">\n\t\t\t\t\t<div class=\"elementor-column elementor-col-25 elementor-top-column elementor-element elementor-element-c1e2116\" data-id=\"c1e2116\" data-element_type=\"column\">\n\t\t\t<div class=\"elementor-widget-wrap elementor-element-populated\">\n\t\t\t\t\t\t<div class=\"elementor-element elementor-element-d3c3ff4 elementor-widget elementor-widget-premium-counter\" data-id=\"d3c3ff4\" data-element_type=\"widget\" data-widget_type=\"premium-counter.default\">\n\t\t\t\t<div class=\"elementor-widget-container\">\n\t\t\t\n\t\t<div class=\"premium-counter premium-counter-area\" data-duration=\"3000\" data-from-value=\"0\" data-to-value=\"3\" data-delimiter=\",\" data-rounding=\"0\">\n\t\t\t\n\t\t<div class=\"premium-init-wrapper column\">\n\n\t\t\t<div class=\"premium-counter-value-wrap\">\n\t\t\t\t\n\t\t\t\t<span class=\"premium-counter-init\" id=\"counter-d3c3ff4\">0<\/span>\n\n\t\t\t\t\t\t\t<\/div>\n\n\t\t\t\t\t\t\t<div class=\"premium-counter-title\">\n\t\t\t\t\t<p class=\"premium-counter-title-val\">\n\t\t\t\t\t\tOwn brands\t\t\t\t\t<\/p>\n\t\t\t\t\t\t\t\t\t<\/div>\n\t\t\t\t\t<\/div>\n\n\t\t\t\t<\/div>\n\n\t\t\t\t<\/div>\n\t\t\t\t<\/div>\n\t\t\t\t\t<\/div>\n\t\t<\/div>\n\t\t\t\t<div class=\"elementor-column elementor-col-25 elementor-top-column elementor-element elementor-element-71c9c73\" data-id=\"71c9c73\" data-element_type=\"column\">\n\t\t\t<div class=\"elementor-widget-wrap elementor-element-populated\">\n\t\t\t\t\t\t<div class=\"elementor-element elementor-element-5db8b7f elementor-widget elementor-widget-premium-counter\" data-id=\"5db8b7f\" data-element_type=\"widget\" data-widget_type=\"premium-counter.default\">\n\t\t\t\t<div class=\"elementor-widget-container\">\n\t\t\t\n\t\t<div class=\"premium-counter premium-counter-area\" data-duration=\"3000\" data-from-value=\"0\" data-to-value=\"15\" data-delimiter=\",\" data-rounding=\"0\">\n\t\t\t\n\t\t<div class=\"premium-init-wrapper column\">\n\n\t\t\t<div class=\"premium-counter-value-wrap\">\n\t\t\t\t\n\t\t\t\t<span class=\"premium-counter-init\" id=\"counter-5db8b7f\">0<\/span>\n\n\t\t\t\t\t\t\t<\/div>\n\n\t\t\t\t\t\t\t<div class=\"premium-counter-title\">\n\t\t\t\t\t<p class=\"premium-counter-title-val\">\n\t\t\t\t\t\tEsteemed brands\t\t\t\t\t<\/p>\n\t\t\t\t\t\t\t\t\t<\/div>\n\t\t\t\t\t<\/div>\n\n\t\t\t\t<\/div>\n\n\t\t\t\t<\/div>\n\t\t\t\t<\/div>\n\t\t\t\t\t<\/div>\n\t\t<\/div>\n\t\t\t\t<div class=\"elementor-column elementor-col-25 elementor-top-column elementor-element elementor-element-f59898b\" data-id=\"f59898b\" data-element_type=\"column\">\n\t\t\t<div class=\"elementor-widget-wrap elementor-element-populated\">\n\t\t\t\t\t\t<div class=\"elementor-element elementor-element-4725c4a elementor-widget elementor-widget-premium-counter\" data-id=\"4725c4a\" data-element_type=\"widget\" data-widget_type=\"premium-counter.default\">\n\t\t\t\t<div class=\"elementor-widget-container\">\n\t\t\t\n\t\t<div class=\"premium-counter premium-counter-area\" data-duration=\"3000\" data-from-value=\"0\" data-to-value=\"27\" data-delimiter=\",\" data-rounding=\"0\">\n\t\t\t\n\t\t<div class=\"premium-init-wrapper column\">\n\n\t\t\t<div class=\"premium-counter-value-wrap\">\n\t\t\t\t\n\t\t\t\t<span class=\"premium-counter-init\" id=\"counter-4725c4a\">0<\/span>\n\n\t\t\t\t\t\t\t<\/div>\n\n\t\t\t\t\t\t\t<div class=\"premium-counter-title\">\n\t\t\t\t\t<p class=\"premium-counter-title-val\">\n\t\t\t\t\t\tYears on the market\t\t\t\t\t<\/p>\n\t\t\t\t\t\t\t\t\t<\/div>\n\t\t\t\t\t<\/div>\n\n\t\t\t\t<\/div>\n\n\t\t\t\t<\/div>\n\t\t\t\t<\/div>\n\t\t\t\t\t<\/div>\n\t\t<\/div>\n\t\t\t\t<div class=\"elementor-column elementor-col-25 elementor-top-column elementor-element elementor-element-6b11e31\" data-id=\"6b11e31\" data-element_type=\"column\">\n\t\t\t<div class=\"elementor-widget-wrap elementor-element-populated\">\n\t\t\t\t\t\t<div class=\"elementor-element elementor-element-c2c8d41 elementor-widget elementor-widget-premium-counter\" data-id=\"c2c8d41\" data-element_type=\"widget\" data-widget_type=\"premium-counter.default\">\n\t\t\t\t<div class=\"elementor-widget-container\">\n\t\t\t\n\t\t<div class=\"premium-counter premium-counter-area\" data-duration=\"3000\" data-from-value=\"0\" data-to-value=\"14\" data-delimiter=\",\" data-rounding=\"0\">\n\t\t\t\n\t\t<div class=\"premium-init-wrapper column\">\n\n\t\t\t<div class=\"premium-counter-value-wrap\">\n\t\t\t\t\n\t\t\t\t<span class=\"premium-counter-init\" id=\"counter-c2c8d41\">0<\/span>\n\n\t\t\t\t\t\t\t<\/div>\n\n\t\t\t\t\t\t\t<div class=\"premium-counter-title\">\n\t\t\t\t\t<p class=\"premium-counter-title-val\">\n\t\t\t\t\t\tPrizes won\t\t\t\t\t<\/p>\n\t\t\t\t\t\t\t\t\t<\/div>\n\t\t\t\t\t<\/div>\n\n\t\t\t\t<\/div>\n\n\t\t\t\t<\/div>\n\t\t\t\t<\/div>\n\t\t\t\t\t<\/div>\n\t\t<\/div>\n\t\t\t\t\t<\/div>\n\t\t<\/section>\n\t\t\t\t<section class=\"elementor-section elementor-top-section elementor-element elementor-element-62cb30c elementor-section-stretched elementor-section-boxed elementor-section-height-default elementor-section-height-default\" data-id=\"62cb30c\" data-element_type=\"section\" data-settings=\"{&quot;stretch_section&quot;:&quot;section-stretched&quot;,&quot;_ha_eqh_enable&quot;:false}\">\n\t\t\t\t\t\t<div class=\"elementor-container elementor-column-gap-default\">\n\t\t\t\t\t<div class=\"elementor-column elementor-col-50 elementor-top-column elementor-element elementor-element-1407a91\" data-id=\"1407a91\" data-element_type=\"column\">\n\t\t\t<div class=\"elementor-widget-wrap elementor-element-populated\">\n\t\t\t\t\t\t<div class=\"elementor-element elementor-element-bcb892c elementor-widget elementor-widget-image\" data-id=\"bcb892c\" data-element_type=\"widget\" data-widget_type=\"image.default\">\n\t\t\t\t<div class=\"elementor-widget-container\">\n\t\t\t\t\t\t\t\t\t\t\t\t\t<img decoding=\"async\" width=\"1200\" height=\"1200\" src=\"https:\/\/kulig.com.pl\/wp-content\/uploads\/2023\/02\/pawelkulig.jpg\" class=\"attachment-full size-full wp-image-1095\" alt=\"Kulig - dystrybutor \u015bwiatowych marek\" srcset=\"https:\/\/kulig.com.pl\/wp-content\/uploads\/2023\/02\/pawelkulig.jpg 1200w, https:\/\/kulig.com.pl\/wp-content\/uploads\/2023\/02\/pawelkulig-300x300.jpg 300w, https:\/\/kulig.com.pl\/wp-content\/uploads\/2023\/02\/pawelkulig-1024x1024.jpg 1024w, https:\/\/kulig.com.pl\/wp-content\/uploads\/2023\/02\/pawelkulig-150x150.jpg 150w, https:\/\/kulig.com.pl\/wp-content\/uploads\/2023\/02\/pawelkulig-768x768.jpg 768w\" sizes=\"(max-width: 1200px) 100vw, 1200px\" title=\"\">\t\t\t\t\t\t\t\t\t\t\t\t\t<\/div>\n\t\t\t\t<\/div>\n\t\t\t\t\t<\/div>\n\t\t<\/div>\n\t\t\t\t<div class=\"elementor-column elementor-col-50 elementor-top-column elementor-element elementor-element-9ed843b\" data-id=\"9ed843b\" data-element_type=\"column\">\n\t\t\t<div class=\"elementor-widget-wrap elementor-element-populated\">\n\t\t\t\t\t\t<div class=\"elementor-element elementor-element-6667513 elementor-widget elementor-widget-heading\" data-id=\"6667513\" data-element_type=\"widget\" data-widget_type=\"heading.default\">\n\t\t\t\t<div class=\"elementor-widget-container\">\n\t\t\t<h2 class=\"elementor-heading-title elementor-size-default\">Mechanizm naszego sukcesu\n<\/h2>\t\t<\/div>\n\t\t\t\t<\/div>\n\t\t\t\t<div class=\"elementor-element elementor-element-52220d5 elementor-widget elementor-widget-text-editor\" data-id=\"52220d5\" data-element_type=\"widget\" data-widget_type=\"text-editor.default\">\n\t\t\t\t<div class=\"elementor-widget-container\">\n\t\t\t\t\t\t\t<p>Zaufali nam r\u00f3wnie\u017c najwi\u0119ksi. Jeste\u015bmy wy\u0142\u0105cznym dystrybutorem w Polsce dla globalnych gigant\u00f3w. To dzi\u0119ki nam na rodzimy rynek trafiaj\u0105 innowacyjne pojemniki holenderskiej marki Mepal, akcesoria \u0142azienkowe i kuchenne marki Brabantia, czy\u00a0skandynawski minimalizm od F&amp;H Group (w tym m.in. Zone Denmark, Bitz, Lyngby Glas czy Villa Collection).\u00a0<\/p><p>Zaopatrywanie setek sklep\u00f3w internetowych, sieci handlowych oraz bran\u017cy HORECA (hotele i restauracje) to z\u0142o\u017cona operacja. Skupili\u015bmy si\u0119 na tym, aby wyj\u015b\u0107 poza rol\u0119 tradycyjnej hurtowni i sta\u0107 si\u0119 centrum zaawansowanych us\u0142ug dla e-commerce. Jak to wygl\u0105da w praktyce?<\/p><p>Zintegrowany ekosystem B2B: Proces zam\u00f3wie\u0144 oparli\u015bmy na autorskiej, zautomatyzowanej platformie Magento 2, kt\u00f3ra umo\u017cliwia pe\u0142n\u0105 synchronizacj\u0119 stan\u00f3w magazynowych w czasie rzeczywistym.\u00a0<\/p><p>Gotowe zasoby cyfrowe: Wiemy, \u017ce w internecie kupuje si\u0119 oczami. Naszym kontrahentom nie wysy\u0142amy tylko fizycznego towaru, ale pe\u0142en pakiet wdro\u017ceniowy: gotowe bazy materia\u0142\u00f3w produktowych, profesjonalne zdj\u0119cia i opisy, kt\u00f3re pozwalaj\u0105 rozpocz\u0105\u0107 sprzeda\u017c z dnia na dzie\u0144.<\/p>\t\t\t\t\t\t<\/div>\n\t\t\t\t<\/div>\n\t\t\t\t\t<\/div>\n\t\t<\/div>\n\t\t\t\t\t<\/div>\n\t\t<\/section>\n\t\t\t\t<section class=\"elementor-section elementor-top-section elementor-element elementor-element-2be0500 elementor-section-stretched elementor-section-boxed elementor-section-height-default elementor-section-height-default\" data-id=\"2be0500\" data-element_type=\"section\" data-settings=\"{&quot;stretch_section&quot;:&quot;section-stretched&quot;,&quot;_ha_eqh_enable&quot;:false}\">\n\t\t\t\t\t\t<div class=\"elementor-container elementor-column-gap-default\">\n\t\t\t\t\t<div class=\"elementor-column elementor-col-50 elementor-top-column elementor-element elementor-element-3bcd545\" data-id=\"3bcd545\" data-element_type=\"column\">\n\t\t\t<div class=\"elementor-widget-wrap elementor-element-populated\">\n\t\t\t\t\t\t<div class=\"elementor-element elementor-element-da1768b elementor-widget elementor-widget-heading\" data-id=\"da1768b\" data-element_type=\"widget\" data-widget_type=\"heading.default\">\n\t\t\t\t<div class=\"elementor-widget-container\">\n\t\t\t<h2 class=\"elementor-heading-title elementor-size-default\">Wsparcie i personalizacja<\/h2>\t\t<\/div>\n\t\t\t\t<\/div>\n\t\t\t\t<div class=\"elementor-element elementor-element-814bbec elementor-widget elementor-widget-text-editor\" data-id=\"814bbec\" data-element_type=\"widget\" data-widget_type=\"text-editor.default\">\n\t\t\t\t<div class=\"elementor-widget-container\">\n\t\t\t\t\t\t\t<p>Posiadamy mocno rozbudowany dzia\u0142 specjalist\u00f3w, kt\u00f3rzy wspieraj\u0105 klient\u00f3w w e-marketingu. Dla agencji reklamowych i sektora B2B uruchomili\u015bmy z kolei zaawansowane linie personalizacji produkt\u00f3w, pozwalaj\u0105ce dopasowa\u0107 asortyment do indywidualnych kampanii.<\/p><p>Tworzymy przestrze\u0144, w kt\u00f3rej \u015bwiatowe trendy spotykaj\u0105 si\u0119 z niezawodn\u0105 technologi\u0105 sprzeda\u017cy i perfekcyjn\u0105 logistyk\u0105. Niezale\u017cnie od tego, czy szukasz wyposa\u017cenia dla wielkiej sieci handlowej, butikowego sklepu, czy nowoczesnej restauracji \u2013 Kulig Sp. z o.o. to fundament, na kt\u00f3rym mo\u017cesz oprze\u0107 sw\u00f3j biznes.<\/p>\t\t\t\t\t\t<\/div>\n\t\t\t\t<\/div>\n\t\t\t\t\t<\/div>\n\t\t<\/div>\n\t\t\t\t<div class=\"elementor-column elementor-col-50 elementor-top-column elementor-element elementor-element-ad0bf17\" data-id=\"ad0bf17\" data-element_type=\"column\">\n\t\t\t<div class=\"elementor-widget-wrap elementor-element-populated\">\n\t\t\t\t\t\t<div class=\"elementor-element elementor-element-b822ec7 elementor-widget elementor-widget-image\" data-id=\"b822ec7\" data-element_type=\"widget\" data-widget_type=\"image.default\">\n\t\t\t\t<div class=\"elementor-widget-container\">\n\t\t\t\t\t\t\t\t\t\t\t\t\t<img decoding=\"async\" width=\"1080\" height=\"1080\" src=\"https:\/\/kulig.com.pl\/wp-content\/uploads\/2026\/04\/mepallot2.webp\" class=\"attachment-full size-full wp-image-3598\" alt=\"Kulig - dystrybutor \u015bwiatowych marek\" srcset=\"https:\/\/kulig.com.pl\/wp-content\/uploads\/2026\/04\/mepallot2.webp 1080w, https:\/\/kulig.com.pl\/wp-content\/uploads\/2026\/04\/mepallot2-300x300.webp 300w, https:\/\/kulig.com.pl\/wp-content\/uploads\/2026\/04\/mepallot2-1024x1024.webp 1024w, https:\/\/kulig.com.pl\/wp-content\/uploads\/2026\/04\/mepallot2-150x150.webp 150w, https:\/\/kulig.com.pl\/wp-content\/uploads\/2026\/04\/mepallot2-768x768.webp 768w, https:\/\/kulig.com.pl\/wp-content\/uploads\/2026\/04\/mepallot2-12x12.webp 12w\" sizes=\"(max-width: 1080px) 100vw, 1080px\" title=\"\">\t\t\t\t\t\t\t\t\t\t\t\t\t<\/div>\n\t\t\t\t<\/div>\n\t\t\t\t\t<\/div>\n\t\t<\/div>\n\t\t\t\t\t<\/div>\n\t\t<\/section>\n\t\t\t\t<\/div>","protected":false},"excerpt":{"rendered":"<p>Ponad 30 lat rodzinnego biznesu Kulig \u2013 Tw\u00f3j \u0142\u0105cznik ze \u015bwiatowym designemDobry design i funkcjonalno\u015b\u0107 nie znaj\u0105 granic. Od blisko trzech dekad dbamy o to, by to, co najlepsze we wsp\u00f3\u0142czesnym wzornictwie, trafia\u0142o prosto na polskie sto\u0142y, do kuchni, \u0142azienek i przestrzeni publicznych. Z pasji do pi\u0119knych, u\u017cytkowych przedmiot\u00f3w zbudowali\u015bmy nowoczesn\u0105 organizacj\u0119, kt\u00f3ra wyznacza standardy [&hellip;]<\/p>","protected":false},"author":1,"featured_media":0,"parent":0,"menu_order":0,"comment_status":"closed","ping_status":"closed","template":"","meta":{"site-sidebar-layout":"no-sidebar","site-content-layout":"page-builder","ast-site-content-layout":"","site-content-style":"default","site-sidebar-style":"default","ast-global-header-display":"","ast-banner-title-visibility":"","ast-main-header-display":"","ast-hfb-above-header-display":"","ast-hfb-below-header-display":"","ast-hfb-mobile-header-display":"","site-post-title":"disabled","ast-breadcrumbs-content":"","ast-featured-img":"disabled","footer-sml-layout":"","theme-transparent-header-meta":"","adv-header-id-meta":"","stick-header-meta":"","header-above-stick-meta":"","header-main-stick-meta":"","header-below-stick-meta":"","astra-migrate-meta-layouts":"default","ast-page-background-enabled":"default","ast-page-background-meta":{"desktop":{"background-color":"var(--ast-global-color-4)","background-image":"","background-repeat":"repeat","background-position":"center center","background-size":"auto","background-attachment":"scroll","background-type":"","background-media":"","overlay-type":"","overlay-color":"","overlay-opacity":"","overlay-gradient":""},"tablet":{"background-color":"","background-image":"","background-repeat":"repeat","background-position":"center center","background-size":"auto","background-attachment":"scroll","background-type":"","background-media":"","overlay-type":"","overlay-color":"","overlay-opacity":"","overlay-gradient":""},"mobile":{"background-color":"","background-image":"","background-repeat":"repeat","background-position":"center center","background-size":"auto","background-attachment":"scroll","background-type":"","background-media":"","overlay-type":"","overlay-color":"","overlay-opacity":"","overlay-gradient":""}},"ast-content-background-meta":{"desktop":{"background-color":"var(--ast-global-color-5)","background-image":"","background-repeat":"repeat","background-position":"center center","background-size":"auto","background-attachment":"scroll","background-type":"","background-media":"","overlay-type":"","overlay-color":"","overlay-opacity":"","overlay-gradient":""},"tablet":{"background-color":"var(--ast-global-color-5)","background-image":"","background-repeat":"repeat","background-position":"center center","background-size":"auto","background-attachment":"scroll","background-type":"","background-media":"","overlay-type":"","overlay-color":"","overlay-opacity":"","overlay-gradient":""},"mobile":{"background-color":"var(--ast-global-color-5)","background-image":"","background-repeat":"repeat","background-position":"center center","background-size":"auto","background-attachment":"scroll","background-type":"","background-media":"","overlay-type":"","overlay-color":"","overlay-opacity":"","overlay-gradient":""}},"footnotes":""},"class_list":["post-13","page","type-page","status-publish","hentry"],"_links":{"self":[{"href":"https:\/\/kulig.com.pl\/en\/wp-json\/wp\/v2\/pages\/13","targetHints":{"allow":["GET"]}}],"collection":[{"href":"https:\/\/kulig.com.pl\/en\/wp-json\/wp\/v2\/pages"}],"about":[{"href":"https:\/\/kulig.com.pl\/en\/wp-json\/wp\/v2\/types\/page"}],"author":[{"embeddable":true,"href":"https:\/\/kulig.com.pl\/en\/wp-json\/wp\/v2\/users\/1"}],"replies":[{"embeddable":true,"href":"https:\/\/kulig.com.pl\/en\/wp-json\/wp\/v2\/comments?post=13"}],"version-history":[{"count":53,"href":"https:\/\/kulig.com.pl\/en\/wp-json\/wp\/v2\/pages\/13\/revisions"}],"predecessor-version":[{"id":3604,"href":"https:\/\/kulig.com.pl\/en\/wp-json\/wp\/v2\/pages\/13\/revisions\/3604"}],"wp:attachment":[{"href":"https:\/\/kulig.com.pl\/en\/wp-json\/wp\/v2\/media?parent=13"}],"curies":[{"name":"wp","href":"https:\/\/api.w.org\/{rel}","templated":true}]}}