{"id":2490,"date":"2024-11-27T10:02:23","date_gmt":"2024-11-27T09:02:23","guid":{"rendered":"https:\/\/kulig.com.pl\/?page_id=2490"},"modified":"2024-12-11T15:15:14","modified_gmt":"2024-12-11T14:15:14","slug":"gpsr","status":"publish","type":"page","link":"https:\/\/kulig.com.pl\/en\/gpsr\/","title":{"rendered":"GPSR"},"content":{"rendered":"<div data-elementor-type=\"wp-page\" data-elementor-id=\"2490\" class=\"elementor elementor-2490\" data-elementor-settings=\"{&quot;ha_cmc_init_switcher&quot;:&quot;no&quot;}\">\n\t\t\t\t\t\t<section class=\"elementor-section elementor-top-section elementor-element elementor-element-77131c0 elementor-section-boxed elementor-section-height-default elementor-section-height-default\" data-id=\"77131c0\" data-element_type=\"section\" data-settings=\"{&quot;_ha_eqh_enable&quot;:false}\">\n\t\t\t\t\t\t<div class=\"elementor-container elementor-column-gap-default\">\n\t\t\t\t\t<div class=\"elementor-column elementor-col-100 elementor-top-column elementor-element elementor-element-637ff6a\" data-id=\"637ff6a\" data-element_type=\"column\">\n\t\t\t<div class=\"elementor-widget-wrap elementor-element-populated\">\n\t\t\t\t\t\t<div class=\"elementor-element elementor-element-1f3d364 elementor-align-justify elementor-widget elementor-widget-button\" data-id=\"1f3d364\" data-element_type=\"widget\" data-widget_type=\"button.default\">\n\t\t\t\t<div class=\"elementor-widget-container\">\n\t\t\t\t\t<div class=\"elementor-button-wrapper\">\n\t\t\t<a class=\"elementor-button elementor-button-link elementor-size-sm\" href=\"#\">\n\t\t\t\t\t\t<span class=\"elementor-button-content-wrapper\">\n\t\t\t\t\t\t\t\t\t<span class=\"elementor-button-text\">INFORMATION ON THE USE AND SAFETY OF PRODUCTS FROM THE KULIG DISTRIBUTION BRANDS<\/span>\n\t\t\t\t\t<\/span>\n\t\t\t\t\t<\/a>\n\t\t<\/div>\n\t\t\t\t<\/div>\n\t\t\t\t<\/div>\n\t\t\t\t<div class=\"elementor-element elementor-element-bbb1b5e elementor-widget elementor-widget-text-editor\" data-id=\"bbb1b5e\" data-element_type=\"widget\" data-widget_type=\"text-editor.default\">\n\t\t\t\t<div class=\"elementor-widget-container\">\n\t\t\t<style>\/*! elementor - v3.23.0 - 05-08-2024 *\/\n.elementor-widget-text-editor.elementor-drop-cap-view-stacked .elementor-drop-cap{background-color:#69727d;color:#fff}.elementor-widget-text-editor.elementor-drop-cap-view-framed .elementor-drop-cap{color:#69727d;border:3px solid;background-color:transparent}.elementor-widget-text-editor:not(.elementor-drop-cap-view-default) .elementor-drop-cap{margin-top:8px}.elementor-widget-text-editor:not(.elementor-drop-cap-view-default) .elementor-drop-cap-letter{width:1em;height:1em}.elementor-widget-text-editor .elementor-drop-cap{float:left;text-align:center;line-height:1;font-size:50px}.elementor-widget-text-editor .elementor-drop-cap-letter{display:inline-block}<\/style>\t\t\t\t<p><strong>Dear Customers,<\/strong><\/p><p>For your safety and in accordance with the requirements of the <strong>General Product Safety Regulations (GPSR)<\/strong>, we want to ensure that every product in our range meets the highest safety standards and applicable legislation.<\/p><p>As the entity responsible for bringing the product to market, we take all steps to ensure that:<\/p><ul><li><strong>The products are safe to use<\/strong> - all products undergo the appropriate tests and meet the standards set out in the regulations.<\/li><li><strong>Product traceability is ensured<\/strong> - all our products carry appropriate labelling to identify them, such as the name, address of the manufacturer, importer or distributor and, if required, the batch number.<\/li><li><strong>We provide appropriate instructions and warnings<\/strong> - products contain clear information on proper use and potential hazards.<\/li><\/ul><p><strong>Action in an emergency situation<\/strong><\/p><p>According to the GPSR, if a potential product hazard is detected:<\/p><ul><li><strong>We will take immediate action<\/strong> to prevent the risk, such as withdrawing the product from the market or informing customers of the risk.<\/li><li>We ensure that we are in constant contact with the relevant supervisory authorities in order to act in accordance with the regulations.<\/li><\/ul><p>Our priority is your safety and satisfaction. If you have any questions or comments about the products on offer, please feel free to contact us.<\/p><p>Thank you for your trust and for choosing our products!<\/p>\t\t\t\t\t\t<\/div>\n\t\t\t\t<\/div>\n\t\t\t\t<div class=\"elementor-element elementor-element-73a293d elementor-widget elementor-widget-heading\" data-id=\"73a293d\" data-element_type=\"widget\" data-widget_type=\"heading.default\">\n\t\t\t\t<div class=\"elementor-widget-container\">\n\t\t\t<style>\/*! elementor - v3.23.0 - 05-08-2024 *\/\n.elementor-heading-title{padding:0;margin:0;line-height:1}.elementor-widget-heading .elementor-heading-title[class*=elementor-size-]>a{color:inherit;font-size:inherit;line-height:inherit}.elementor-widget-heading .elementor-heading-title.elementor-size-small{font-size:15px}.elementor-widget-heading .elementor-heading-title.elementor-size-medium{font-size:19px}.elementor-widget-heading .elementor-heading-title.elementor-size-large{font-size:29px}.elementor-widget-heading .elementor-heading-title.elementor-size-xl{font-size:39px}.elementor-widget-heading .elementor-heading-title.elementor-size-xxl{font-size:59px}<\/style><h4 class=\"elementor-heading-title elementor-size-default\">Entity responsible for product safety<\/h4>\t\t<\/div>\n\t\t\t\t<\/div>\n\t\t\t\t<div class=\"elementor-element elementor-element-b50f66d elementor-widget elementor-widget-text-editor\" data-id=\"b50f66d\" data-element_type=\"widget\" data-widget_type=\"text-editor.default\">\n\t\t\t\t<div class=\"elementor-widget-container\">\n\t\t\t\t\t\t\t<ul><li><strong>KULIG SP. Z O.O.<\/strong><\/li><li>ul. Pocztowa 14, 43-502 Czechowice - Dziedzice, Poland<\/li><li>NIP: 6521714946<\/li><li>Tel: +48 32 215 23 40<\/li><li>e-mail address: kulig@kulig.com.pl<\/li><\/ul><p><a href=\"https:\/\/kulig.com.pl\/wp-content\/uploads\/2024\/12\/Informacje-GPSR-tabela.xlsx\">A list of manufacturers and product safety officers of the various brands in the Kulig range.<\/a>\u00a0<\/p>\t\t\t\t\t\t<\/div>\n\t\t\t\t<\/div>\n\t\t\t\t<div class=\"elementor-element elementor-element-e1dce06 elementor-widget elementor-widget-heading\" data-id=\"e1dce06\" data-element_type=\"widget\" data-widget_type=\"heading.default\">\n\t\t\t\t<div class=\"elementor-widget-container\">\n\t\t\t<h4 class=\"elementor-heading-title elementor-size-default\">Producer declarations<\/h4>\t\t<\/div>\n\t\t\t\t<\/div>\n\t\t\t\t<div class=\"elementor-element elementor-element-2a74c99 elementor-widget elementor-widget-text-editor\" data-id=\"2a74c99\" data-element_type=\"widget\" data-widget_type=\"text-editor.default\">\n\t\t\t\t<div class=\"elementor-widget-container\">\n\t\t\t\t\t\t\t<ul><li><a href=\"https:\/\/kulig.com.pl\/wp-content\/uploads\/2024\/12\/Oswiadczenie-firmy-Kulig.pdf\">Statement by Kulig<\/a><\/li><li><a href=\"https:\/\/kulig.com.pl\/wp-content\/uploads\/2024\/12\/Statement_2023-988_Kulig_241128.pdf\">Manufacturer's statement from Koziol<\/a><\/li><li><a href=\"https:\/\/kulig.com.pl\/wp-content\/uploads\/2024\/12\/Statement-Compliance-Mepal-BV.pdf\">Mepal brand manufacturer's statement<\/a><\/li><\/ul>\t\t\t\t\t\t<\/div>\n\t\t\t\t<\/div>\n\t\t\t\t<div class=\"elementor-element elementor-element-a72dbc3 elementor-widget elementor-widget-heading\" data-id=\"a72dbc3\" data-element_type=\"widget\" data-widget_type=\"heading.default\">\n\t\t\t\t<div class=\"elementor-widget-container\">\n\t\t\t<h4 class=\"elementor-heading-title elementor-size-default\">Product information<\/h4>\t\t<\/div>\n\t\t\t\t<\/div>\n\t\t\t\t<div class=\"elementor-element elementor-element-f40e820 elementor-widget elementor-widget-text-editor\" data-id=\"f40e820\" data-element_type=\"widget\" data-widget_type=\"text-editor.default\">\n\t\t\t\t<div class=\"elementor-widget-container\">\n\t\t\t\t\t\t\t<ul><li><a href=\"https:\/\/mepalpolska.pl\/informacje-o-bezpieczenstwie-produktow\/\" rel=\"nofollow noopener\" target=\"_blank\">Mepal products<\/a>\u00a0- safety information<\/li><li><a href=\"https:\/\/kulig.com.pl\/wp-content\/uploads\/2024\/12\/Instrukcje-Vialli-Design.pdf\">Vialli Design products<\/a>\u00a0- instructions and information<\/li><li style=\"font-size: 16px;\"><a href=\"https:\/\/kulig.com.pl\/wp-content\/uploads\/2024\/12\/Brabantia-Certyfikaty.pdf\">Brabantia certificates of conformity<\/a><\/li><\/ul>\t\t\t\t\t\t<\/div>\n\t\t\t\t<\/div>\n\t\t\t\t\t<\/div>\n\t\t<\/div>\n\t\t\t\t\t<\/div>\n\t\t<\/section>\n\t\t\t\t<section class=\"elementor-section elementor-top-section elementor-element elementor-element-e2bc13f elementor-section-boxed elementor-section-height-default elementor-section-height-default\" data-id=\"e2bc13f\" data-element_type=\"section\" data-settings=\"{&quot;_ha_eqh_enable&quot;:false}\">\n\t\t\t\t\t\t<div class=\"elementor-container elementor-column-gap-default\">\n\t\t\t\t\t<div class=\"elementor-column elementor-col-100 elementor-top-column elementor-element elementor-element-c847719\" data-id=\"c847719\" data-element_type=\"column\">\n\t\t\t<div class=\"elementor-widget-wrap elementor-element-populated\">\n\t\t\t\t\t\t<div class=\"elementor-element elementor-element-36dbc98 elementor-widget elementor-widget-heading\" data-id=\"36dbc98\" data-element_type=\"widget\" data-widget_type=\"heading.default\">\n\t\t\t\t<div class=\"elementor-widget-container\">\n\t\t\t<h4 class=\"elementor-heading-title elementor-size-default\">Frequently asked questions<\/h4>\t\t<\/div>\n\t\t\t\t<\/div>\n\t\t\t\t<div class=\"elementor-element elementor-element-85ce07d elementor-widget elementor-widget-text-editor\" data-id=\"85ce07d\" data-element_type=\"widget\" data-widget_type=\"text-editor.default\">\n\t\t\t\t<div class=\"elementor-widget-container\">\n\t\t\t\t\t\t\t<p><strong>1. are the products offered by Kulig compatible with GPSR?<\/strong><\/p><p>Yes, all products available from Kulig, including its own brands (Kulig, Vialli Design,) and recognised global brands (Mepal, Cocodor, Brabantia, Koziol, Zone Denmark, Bitz, Sodahl, Hoptimist, Qualy, Eigenart, Fiskars, Victorinox), meet GPSR requirements, ensuring the highest standard of safety for consumers.<\/p><p><strong>2. what measures Kulig is taking to ensure that products comply with current safety requirements<\/strong><\/p><p>Kulig conducts regular product testing and quality checks, works with certified laboratories and monitors regulatory changes to ensure full compliance with GPSR.<\/p><p><strong>3. are Kulig's own brand products safe for children?<\/strong><\/p><p>Yes, private label products such as Vialli Design are designed with the safety of all users, including children, in mind. For example, Vialli Design offers double-walled glasses made of borosilicate glass, which are durable and safe to use. Also, products from brands in distribution such as Mepal are safe for children and made from BPA-free materials.\u00a0<\/p><p><strong>4 Does Kulig have product safety certification?<\/strong><\/p><p>Yes, Kulig has the relevant certificates and declarations of conformity for the products it offers, confirming their compliance with safety requirements.\u00a0<\/p><p><strong>5. Where can I find more information on the safety of the products offered by Kulig?<\/strong><\/p><p>Detailed information on product safety and can be found in the instructions included in the product packaging and on the kulig.com.co.uk\/gpsr website<\/p><p><strong>6. does Kulig offer support in the use of the products?<\/strong><\/p><p>Yes, Kulig provides customer support with information on the correct use of products and their maintenance to ensure safety.\u00a0<\/p><p><strong>7. How do I report a safety issue with a product purchased from Kulig?<\/strong><\/p><p>If you have any concerns or issues relating to product safety, please contact Kulig customer service via the contact form available on the website.<\/p><p>\u00a0<\/p>\t\t\t\t\t\t<\/div>\n\t\t\t\t<\/div>\n\t\t\t\t\t<\/div>\n\t\t<\/div>\n\t\t\t\t\t<\/div>\n\t\t<\/section>\n\t\t\t\t<\/div>","protected":false},"excerpt":{"rendered":"<p>INFORMACJE DOTYCZ\u0104CE U\u017bYTKOWANIA I BEZPIECZE\u0143STWA PRODUKT\u00d3W MAREK W DYSTRYBUCJI FIRMY KULIG Drodzy Klienci, W trosce o Pa\u0144stwa bezpiecze\u0144stwo oraz zgodnie z wymogami Rozporz\u0105dzenia o Og\u00f3lnym Bezpiecze\u0144stwie Produkt\u00f3w (GPSR), chcemy zapewni\u0107, \u017ce ka\u017cdy produkt w naszej ofercie spe\u0142nia najwy\u017csze standardy bezpiecze\u0144stwa oraz obowi\u0105zuj\u0105ce przepisy prawa. Jako podmiot odpowiedzialny za wprowadzenie produktu na rynek, podejmujemy wszelkie kroki, [&hellip;]<\/p>","protected":false},"author":1,"featured_media":0,"parent":0,"menu_order":0,"comment_status":"closed","ping_status":"closed","template":"","meta":{"site-sidebar-layout":"no-sidebar","site-content-layout":"page-builder","ast-site-content-layout":"full-width-container","site-content-style":"default","site-sidebar-style":"default","ast-global-header-display":"","ast-banner-title-visibility":"","ast-main-header-display":"disabled","ast-hfb-above-header-display":"","ast-hfb-below-header-display":"disabled","ast-hfb-mobile-header-display":"disabled","site-post-title":"disabled","ast-breadcrumbs-content":"","ast-featured-img":"disabled","footer-sml-layout":"","theme-transparent-header-meta":"","adv-header-id-meta":"","stick-header-meta":"","header-above-stick-meta":"","header-main-stick-meta":"","header-below-stick-meta":"","astra-migrate-meta-layouts":"set","ast-page-background-enabled":"default","ast-page-background-meta":{"desktop":{"background-color":"var(--ast-global-color-4)","background-image":"","background-repeat":"repeat","background-position":"center center","background-size":"auto","background-attachment":"scroll","background-type":"","background-media":"","overlay-type":"","overlay-color":"","overlay-opacity":"","overlay-gradient":""},"tablet":{"background-color":"","background-image":"","background-repeat":"repeat","background-position":"center center","background-size":"auto","background-attachment":"scroll","background-type":"","background-media":"","overlay-type":"","overlay-color":"","overlay-opacity":"","overlay-gradient":""},"mobile":{"background-color":"","background-image":"","background-repeat":"repeat","background-position":"center center","background-size":"auto","background-attachment":"scroll","background-type":"","background-media":"","overlay-type":"","overlay-color":"","overlay-opacity":"","overlay-gradient":""}},"ast-content-background-meta":{"desktop":{"background-color":"var(--ast-global-color-5)","background-image":"","background-repeat":"repeat","background-position":"center center","background-size":"auto","background-attachment":"scroll","background-type":"","background-media":"","overlay-type":"","overlay-color":"","overlay-opacity":"","overlay-gradient":""},"tablet":{"background-color":"var(--ast-global-color-5)","background-image":"","background-repeat":"repeat","background-position":"center center","background-size":"auto","background-attachment":"scroll","background-type":"","background-media":"","overlay-type":"","overlay-color":"","overlay-opacity":"","overlay-gradient":""},"mobile":{"background-color":"var(--ast-global-color-5)","background-image":"","background-repeat":"repeat","background-position":"center center","background-size":"auto","background-attachment":"scroll","background-type":"","background-media":"","overlay-type":"","overlay-color":"","overlay-opacity":"","overlay-gradient":""}},"footnotes":""},"class_list":["post-2490","page","type-page","status-publish","hentry"],"_links":{"self":[{"href":"https:\/\/kulig.com.pl\/en\/wp-json\/wp\/v2\/pages\/2490","targetHints":{"allow":["GET"]}}],"collection":[{"href":"https:\/\/kulig.com.pl\/en\/wp-json\/wp\/v2\/pages"}],"about":[{"href":"https:\/\/kulig.com.pl\/en\/wp-json\/wp\/v2\/types\/page"}],"author":[{"embeddable":true,"href":"https:\/\/kulig.com.pl\/en\/wp-json\/wp\/v2\/users\/1"}],"replies":[{"embeddable":true,"href":"https:\/\/kulig.com.pl\/en\/wp-json\/wp\/v2\/comments?post=2490"}],"version-history":[{"count":61,"href":"https:\/\/kulig.com.pl\/en\/wp-json\/wp\/v2\/pages\/2490\/revisions"}],"predecessor-version":[{"id":2573,"href":"https:\/\/kulig.com.pl\/en\/wp-json\/wp\/v2\/pages\/2490\/revisions\/2573"}],"wp:attachment":[{"href":"https:\/\/kulig.com.pl\/en\/wp-json\/wp\/v2\/media?parent=2490"}],"curies":[{"name":"wp","href":"https:\/\/api.w.org\/{rel}","templated":true}]}}