{"id":3246,"date":"2025-07-17T13:19:05","date_gmt":"2025-07-17T11:19:05","guid":{"rendered":"https:\/\/kulig.com.pl\/?page_id=3246"},"modified":"2025-08-20T21:30:46","modified_gmt":"2025-08-20T19:30:46","slug":"kariera","status":"publish","type":"page","link":"https:\/\/kulig.com.pl\/en\/kariera\/","title":{"rendered":"Kariera"},"content":{"rendered":"<div data-elementor-type=\"wp-page\" data-elementor-id=\"3246\" class=\"elementor elementor-3246\" data-elementor-settings=\"{&quot;ha_cmc_init_switcher&quot;:&quot;no&quot;}\">\n\t\t\t\t\t\t<section class=\"elementor-section elementor-top-section elementor-element elementor-element-28eef86 elementor-section-boxed elementor-section-height-default elementor-section-height-default\" data-id=\"28eef86\" data-element_type=\"section\" data-settings=\"{&quot;_ha_eqh_enable&quot;:false}\">\n\t\t\t\t\t\t<div class=\"elementor-container elementor-column-gap-default\">\n\t\t\t\t\t<div class=\"elementor-column elementor-col-100 elementor-top-column elementor-element elementor-element-425c811\" data-id=\"425c811\" data-element_type=\"column\">\n\t\t\t<div class=\"elementor-widget-wrap elementor-element-populated\">\n\t\t\t\t\t\t<div class=\"elementor-element elementor-element-4f537ca elementor-widget elementor-widget-image\" data-id=\"4f537ca\" data-element_type=\"widget\" data-widget_type=\"image.default\">\n\t\t\t\t<div class=\"elementor-widget-container\">\n\t\t\t<style>\/*! elementor - v3.23.0 - 05-08-2024 *\/\n.elementor-widget-image{text-align:center}.elementor-widget-image a{display:inline-block}.elementor-widget-image a img[src$=\".svg\"]{width:48px}.elementor-widget-image img{vertical-align:middle;display:inline-block}<\/style>\t\t\t\t\t\t\t\t\t\t<img fetchpriority=\"high\" decoding=\"async\" width=\"1600\" height=\"300\" src=\"https:\/\/kulig.com.pl\/wp-content\/uploads\/2025\/08\/job2.jpg\" class=\"attachment-full size-full wp-image-3286\" alt=\"Kulig - dystrybutor \u015bwiatowych marek\" srcset=\"https:\/\/kulig.com.pl\/wp-content\/uploads\/2025\/08\/job2.jpg 1600w, https:\/\/kulig.com.pl\/wp-content\/uploads\/2025\/08\/job2-300x56.jpg 300w, https:\/\/kulig.com.pl\/wp-content\/uploads\/2025\/08\/job2-1024x192.jpg 1024w, https:\/\/kulig.com.pl\/wp-content\/uploads\/2025\/08\/job2-768x144.jpg 768w, https:\/\/kulig.com.pl\/wp-content\/uploads\/2025\/08\/job2-1536x288.jpg 1536w, https:\/\/kulig.com.pl\/wp-content\/uploads\/2025\/08\/job2-18x3.jpg 18w\" sizes=\"(max-width: 1600px) 100vw, 1600px\" title=\"\">\t\t\t\t\t\t\t\t\t\t\t\t\t<\/div>\n\t\t\t\t<\/div>\n\t\t\t\t<div class=\"elementor-element elementor-element-f2b8082 elementor-widget elementor-widget-heading\" data-id=\"f2b8082\" data-element_type=\"widget\" data-widget_type=\"heading.default\">\n\t\t\t\t<div class=\"elementor-widget-container\">\n\t\t\t<style>\/*! elementor - v3.23.0 - 05-08-2024 *\/\n.elementor-heading-title{padding:0;margin:0;line-height:1}.elementor-widget-heading .elementor-heading-title[class*=elementor-size-]>a{color:inherit;font-size:inherit;line-height:inherit}.elementor-widget-heading .elementor-heading-title.elementor-size-small{font-size:15px}.elementor-widget-heading .elementor-heading-title.elementor-size-medium{font-size:19px}.elementor-widget-heading .elementor-heading-title.elementor-size-large{font-size:29px}.elementor-widget-heading .elementor-heading-title.elementor-size-xl{font-size:39px}.elementor-widget-heading .elementor-heading-title.elementor-size-xxl{font-size:59px}<\/style><h2 class=\"elementor-heading-title elementor-size-default\">Do\u0142\u0105cz do nas!<\/h2>\t\t<\/div>\n\t\t\t\t<\/div>\n\t\t\t\t<div class=\"elementor-element elementor-element-30a1e3f elementor-widget elementor-widget-text-editor\" data-id=\"30a1e3f\" data-element_type=\"widget\" data-widget_type=\"text-editor.default\">\n\t\t\t\t<div class=\"elementor-widget-container\">\n\t\t\t<style>\/*! elementor - v3.23.0 - 05-08-2024 *\/\n.elementor-widget-text-editor.elementor-drop-cap-view-stacked .elementor-drop-cap{background-color:#69727d;color:#fff}.elementor-widget-text-editor.elementor-drop-cap-view-framed .elementor-drop-cap{color:#69727d;border:3px solid;background-color:transparent}.elementor-widget-text-editor:not(.elementor-drop-cap-view-default) .elementor-drop-cap{margin-top:8px}.elementor-widget-text-editor:not(.elementor-drop-cap-view-default) .elementor-drop-cap-letter{width:1em;height:1em}.elementor-widget-text-editor .elementor-drop-cap{float:left;text-align:center;line-height:1;font-size:50px}.elementor-widget-text-editor .elementor-drop-cap-letter{display:inline-block}<\/style>\t\t\t\t<p>W firmie Kulig wierzymy, \u017ce sukces buduje si\u0119 dzi\u0119ki ludziom \u2013 ich zaanga\u017cowaniu, pomys\u0142owo\u015bci i codziennej pracy. Jako dynamicznie rozwijaj\u0105ca si\u0119 firma od lat \u0142\u0105czymy pasj\u0119 z nowoczesnym podej\u015bciem do sprzeda\u017cy i obs\u0142ugi klienta.<\/p><p><strong>Je\u015bli szukasz miejsca, w kt\u00f3rym Twoje kompetencje naprawd\u0119 maj\u0105 znaczenie<\/strong>, a praca daje satysfakcj\u0119 i realn\u0105 mo\u017cliwo\u015b\u0107 rozwoju \u2013 jeste\u015b we w\u0142a\u015bciwym miejscu. Cenimy inicjatyw\u0119, innowacyjno\u015b\u0107 i partnerskie podej\u015bcie do wsp\u00f3\u0142pracy.<\/p><p><!--StartFragment --><\/p><p><strong>Szukasz pracy i chcesz do nas do\u0142\u0105czy\u0107?<\/strong><\/p><p>Jeste\u015bmy otwarci na nowe osoby, kt\u00f3re chc\u0105 wsp\u00f3\u0142tworzy\u0107 z nami ciekawe projekty i rozwija\u0107 si\u0119 w inspiruj\u0105cym \u015brodowisku.<strong> Je\u015bli czujesz, \u017ce to miejsce dla Ciebie<\/strong> \u2014 napisz do nas na adres:<br \/><strong>rekrutacja@kulig.com.pl<\/strong><\/p><p>Pami\u0119taj, aby do swojej aplikacji (CV) do\u0142\u0105czy\u0107 poni\u017csz\u0105 klauzul\u0119:<\/p><p><em>\u201eWyra\u017cam zgod\u0119 na przetwarzanie moich danych osobowych zawartych w przes\u0142anych dokumentach aplikacyjnych przez Kulig Sp. z o.o. w celu prowadzenia rekrutacji na stanowisko wskazane w og\u0142oszeniu.<\/em><br \/><em>Jednocze\u015bnie wyra\u017cam zgod\u0119 na przetwarzanie moich danych osobowych na potrzeby przysz\u0142ych rekrutacji prowadzonych przez Kulig Sp. z o.o. zgodnie z przepisami RODO.\u201d<\/em><\/p><p><!--EndFragment --><\/p>\t\t\t\t\t\t<\/div>\n\t\t\t\t<\/div>\n\t\t\t\t\t<\/div>\n\t\t<\/div>\n\t\t\t\t\t<\/div>\n\t\t<\/section>\n\t\t\t\t<\/div>","protected":false},"excerpt":{"rendered":"<p>Do\u0142\u0105cz do nas! W firmie Kulig wierzymy, \u017ce sukces buduje si\u0119 dzi\u0119ki ludziom \u2013 ich zaanga\u017cowaniu, pomys\u0142owo\u015bci i codziennej pracy. Jako dynamicznie rozwijaj\u0105ca si\u0119 firma od lat \u0142\u0105czymy pasj\u0119 z nowoczesnym podej\u015bciem do sprzeda\u017cy i obs\u0142ugi klienta. Je\u015bli szukasz miejsca, w kt\u00f3rym Twoje kompetencje naprawd\u0119 maj\u0105 znaczenie, a praca daje satysfakcj\u0119 i realn\u0105 mo\u017cliwo\u015b\u0107 rozwoju [&hellip;]<\/p>","protected":false},"author":1,"featured_media":0,"parent":0,"menu_order":0,"comment_status":"closed","ping_status":"closed","template":"","meta":{"site-sidebar-layout":"no-sidebar","site-content-layout":"page-builder","ast-site-content-layout":"normal-width-container","site-content-style":"default","site-sidebar-style":"default","ast-global-header-display":"","ast-banner-title-visibility":"","ast-main-header-display":"","ast-hfb-above-header-display":"","ast-hfb-below-header-display":"","ast-hfb-mobile-header-display":"","site-post-title":"","ast-breadcrumbs-content":"","ast-featured-img":"disabled","footer-sml-layout":"","theme-transparent-header-meta":"","adv-header-id-meta":"","stick-header-meta":"","header-above-stick-meta":"","header-main-stick-meta":"","header-below-stick-meta":"","astra-migrate-meta-layouts":"set","ast-page-background-enabled":"default","ast-page-background-meta":{"desktop":{"background-color":"var(--ast-global-color-4)","background-image":"","background-repeat":"repeat","background-position":"center center","background-size":"auto","background-attachment":"scroll","background-type":"","background-media":"","overlay-type":"","overlay-color":"","overlay-opacity":"","overlay-gradient":""},"tablet":{"background-color":"","background-image":"","background-repeat":"repeat","background-position":"center center","background-size":"auto","background-attachment":"scroll","background-type":"","background-media":"","overlay-type":"","overlay-color":"","overlay-opacity":"","overlay-gradient":""},"mobile":{"background-color":"","background-image":"","background-repeat":"repeat","background-position":"center center","background-size":"auto","background-attachment":"scroll","background-type":"","background-media":"","overlay-type":"","overlay-color":"","overlay-opacity":"","overlay-gradient":""}},"ast-content-background-meta":{"desktop":{"background-color":"var(--ast-global-color-5)","background-image":"","background-repeat":"repeat","background-position":"center center","background-size":"auto","background-attachment":"scroll","background-type":"","background-media":"","overlay-type":"","overlay-color":"","overlay-opacity":"","overlay-gradient":""},"tablet":{"background-color":"var(--ast-global-color-5)","background-image":"","background-repeat":"repeat","background-position":"center center","background-size":"auto","background-attachment":"scroll","background-type":"","background-media":"","overlay-type":"","overlay-color":"","overlay-opacity":"","overlay-gradient":""},"mobile":{"background-color":"var(--ast-global-color-5)","background-image":"","background-repeat":"repeat","background-position":"center center","background-size":"auto","background-attachment":"scroll","background-type":"","background-media":"","overlay-type":"","overlay-color":"","overlay-opacity":"","overlay-gradient":""}},"footnotes":""},"class_list":["post-3246","page","type-page","status-publish","hentry"],"_links":{"self":[{"href":"https:\/\/kulig.com.pl\/en\/wp-json\/wp\/v2\/pages\/3246","targetHints":{"allow":["GET"]}}],"collection":[{"href":"https:\/\/kulig.com.pl\/en\/wp-json\/wp\/v2\/pages"}],"about":[{"href":"https:\/\/kulig.com.pl\/en\/wp-json\/wp\/v2\/types\/page"}],"author":[{"embeddable":true,"href":"https:\/\/kulig.com.pl\/en\/wp-json\/wp\/v2\/users\/1"}],"replies":[{"embeddable":true,"href":"https:\/\/kulig.com.pl\/en\/wp-json\/wp\/v2\/comments?post=3246"}],"version-history":[{"count":24,"href":"https:\/\/kulig.com.pl\/en\/wp-json\/wp\/v2\/pages\/3246\/revisions"}],"predecessor-version":[{"id":3292,"href":"https:\/\/kulig.com.pl\/en\/wp-json\/wp\/v2\/pages\/3246\/revisions\/3292"}],"wp:attachment":[{"href":"https:\/\/kulig.com.pl\/en\/wp-json\/wp\/v2\/media?parent=3246"}],"curies":[{"name":"wp","href":"https:\/\/api.w.org\/{rel}","templated":true}]}}